{"id":115,"date":"2021-09-22T10:51:53","date_gmt":"2021-09-22T14:51:53","guid":{"rendered":"https:\/\/assurances-simon.com\/?page_id=115"},"modified":"2022-06-17T15:58:49","modified_gmt":"2022-06-17T19:58:49","slug":"assurance-automobile-non-standard","status":"publish","type":"page","link":"https:\/\/assurances-simon.com\/fr\/assurance-automobile-non-standard\/","title":{"rendered":"Assurance automobile non standard"},"content":{"rendered":"\n\n\t<h1>Obtenir une assurance automobile non standard au Qu\u00e9bec<\/h1>\n\t<h3><a href=\"\/fr\/en-cas-de-sinistres\/\">Signaler une r\u00e9clamation<\/a><\/h3>\n\t<h1>Assurance automobile non standard<\/h1>\n\t<p>Assurances Simon offre des r\u00e9gimes d&rsquo;assurance non standard abordables aux automobilistes du Qu\u00e9bec. Vous n&rsquo;imaginez pas combien de conducteurs sont consid\u00e9r\u00e9s comme \u00ab atypiques \u00bb ou \u00ab \u00e0 risque \u00bb. Qu&rsquo;il s&rsquo;agisse de l&rsquo;\u00e2ge, des sinistres, du dossier de conduite, des ant\u00e9c\u00e9dents de cr\u00e9dit ou de tout autre facteur, vous ne devriez pas avoir \u00e0 sacrifier la qualit\u00e9 de votre r\u00e9gime d&rsquo;assurance. Nos courtiers trouveront une police abordable qui r\u00e9pondra \u00e0 vos besoins.<\/p>\n<p>Il est important d&rsquo;avoir quelqu&rsquo;un \u00e0 vos c\u00f4t\u00e9s. Laissez-nous vous aider.<\/p>\n\t\t\t<a href=\"#anchor1\" target=\"_self\" role=\"button\" rel=\"noopener\">\n\t\t\t\t\t\t\tObtenir un devis\n\t\t\t\t\t<\/a>\n\t<h2> Qu&rsquo;est-ce que l&rsquo;assurance automobile non standard ?<\/h2>\n<p>En somme, l&rsquo;assurance est une question de statistiques. Les compagnies d&rsquo;assurance ont trois types de clients : les clients privil\u00e9gi\u00e9s, les clients standard et les clients non standard. En termes de primes, les clients privil\u00e9gi\u00e9s et standard ont tendance \u00e0 payer moins que les clients non standard. Comment cela se fait-il ?<\/p>\n<p>Les clients non standard sont consid\u00e9r\u00e9s comme \u00ab plus risqu\u00e9s \u00bb par les compagnies d&rsquo;assurance. De nombreux facteurs peuvent vous amener \u00e0 \u00eatre consid\u00e9r\u00e9 comme un client atypique. Parfois, il peut s&rsquo;agir d&rsquo;une chose aussi simple que votre \u00e2ge. Les hommes de moins de 20 ans sont statistiquement plus \u00e0 risque sur la route que les quadrag\u00e9naires ! <\/p>\n<p>Pour simplifier les choses, l&rsquo;assurance automobile non standard est destin\u00e9e aux clients que les compagnies d&rsquo;assurance ont jug\u00e9 trop risqu\u00e9s pour les assurer aux tarifs standard.<\/p>\n<h2> Qui a besoin d&rsquo;une assurance automobile non standard <\/h2>\nVous pouvez entrer dans la cat\u00e9gorie hors normes pour un certain nombre de raisons, notamment, mais pas exclusivement :<br \/>\n\u25cf\tL&rsquo;\u00e2ge (moins de 25 ans, et plus de 75)<br \/>\n\u25cf\tUn mauvais cr\u00e9dit<br \/>\n\u25cf\tDes condamnations (conduite en \u00e9tat d&rsquo;ivresse, conduite dangereuse, etc.)<br \/>\n\u25cf\tUn mauvais dossier de conduite<br \/>\n\u25cf\tUn manque d&rsquo;exp\u00e9rience de conduite<br \/>\n\u25cf\tDes infractions excessives au code de la route.<br \/>\n\u25cf\tDes contraventions pour exc\u00e8s de vitesse.\n<h2> L&rsquo;assurance automobile non standard est-elle plus ch\u00e8re que l&rsquo;assurance automobile normale ?<\/h2>\n<p>Oui, l&rsquo;assurance auto non standard est plus ch\u00e8re que l&rsquo;assurance auto standard. Cela dit, en travaillant avec un courtier d&rsquo;assurance exp\u00e9riment\u00e9 comme Assurances Simon, vous pouvez r\u00e9duire consid\u00e9rablement le taux de votre police.<\/p>\n<p>Nous travaillons avec toutes les grandes compagnies d&rsquo;assurance automobile non standard au Canada. Cela nous donne la possibilit\u00e9 de magasiner pour vous et de nous assurer que vous obtenez la couverture d&rsquo;assurance automobile dont vous avez besoin \u00e0 un taux abordable.<\/p>\n\t<h3 id=\"anchor1\"><\/h3>\n\t<h3>PARLER AVEC UN COURTIER D&rsquo;ASSURANCE<\/h3>\n\t\n<div class=\"wpcf7 no-js\" id=\"wpcf7-f1388-o1\" lang=\"en-US\" dir=\"ltr\" data-wpcf7-id=\"1388\">\n<div class=\"screen-reader-response\"><p role=\"status\" aria-live=\"polite\" aria-atomic=\"true\"><\/p> <ul><\/ul><\/div>\n<form action=\"\/fr\/wp-json\/wp\/v2\/pages\/115#wpcf7-f1388-o1\" method=\"post\" class=\"wpcf7-form init\" aria-label=\"Contact form\" novalidate=\"novalidate\" data-status=\"init\">\n<fieldset class=\"hidden-fields-container\"><input type=\"hidden\" name=\"_wpcf7\" value=\"1388\" \/><input type=\"hidden\" name=\"_wpcf7_version\" value=\"6.1.5\" \/><input type=\"hidden\" name=\"_wpcf7_locale\" value=\"en_US\" \/><input type=\"hidden\" name=\"_wpcf7_unit_tag\" value=\"wpcf7-f1388-o1\" \/><input type=\"hidden\" name=\"_wpcf7_container_post\" value=\"0\" \/><input type=\"hidden\" name=\"_wpcf7_posted_data_hash\" value=\"\" \/>\n<\/fieldset>\n<p><label> Votre Nom * (obligatoire)<br \/>\n<span class=\"wpcf7-form-control-wrap\" data-name=\"your-name\"><input size=\"40\" maxlength=\"400\" class=\"wpcf7-form-control wpcf7-text wpcf7-validates-as-required\" aria-required=\"true\" aria-invalid=\"false\" value=\"\" type=\"text\" name=\"your-name\" \/><\/span> <\/label>\n<\/p>\n<p><label> Votre Courriel * (obligatoire)<br \/>\n<span class=\"wpcf7-form-control-wrap\" data-name=\"your-email\"><input size=\"40\" maxlength=\"400\" class=\"wpcf7-form-control wpcf7-email wpcf7-validates-as-required wpcf7-text wpcf7-validates-as-email\" aria-required=\"true\" aria-invalid=\"false\" value=\"\" type=\"email\" name=\"your-email\" \/><\/span> <\/label>\n<\/p>\n<p><label> T\u00e9l\u00e9phone (123-456-7890) * (obligatoire)<br \/>\n<span class=\"wpcf7-form-control-wrap\" data-name=\"tel-689\"><input size=\"40\" maxlength=\"400\" class=\"wpcf7-form-control wpcf7-tel wpcf7-validates-as-required wpcf7-text wpcf7-validates-as-tel required\" aria-required=\"true\" aria-invalid=\"false\" value=\"\" type=\"tel\" name=\"tel-689\" \/><\/span> <\/label>\n<\/p>\n<p><label> Sujet<br \/>\n<span class=\"wpcf7-form-control-wrap\" data-name=\"your-choice\"><select class=\"wpcf7-form-control wpcf7-select wpcf7-validates-as-required\" aria-required=\"true\" aria-invalid=\"false\" name=\"your-choice\"><option value=\"Assurance pour v\u00e9hicules non standard\">Assurance pour v\u00e9hicules non standard<\/option><\/select><\/span><\/label>\n<\/p>\n<p><span class=\"wpcf7-form-control-wrap\" data-name=\"Consent\"><span class=\"wpcf7-form-control wpcf7-checkbox wpcf7-validates-as-required\"><span class=\"wpcf7-list-item first last\"><label><input type=\"checkbox\" name=\"Consent[]\" value=\"Je consens avoir pris connaissance de la politique de confidentialit\u00e9 du cabinet et remet mon consentement pour \u00eatre rejoint par un membre du cabinet.\" \/><span class=\"wpcf7-list-item-label\">Je consens avoir pris connaissance de la politique de confidentialit\u00e9 du cabinet et remet mon consentement pour \u00eatre rejoint par un membre du cabinet.<\/span><\/label><\/span><\/span><\/span>\n<\/p>\n<p><label>Entrez CAPTCHA dans la case ci-dessous<br \/>\n<input type=\"hidden\" name=\"_wpcf7_captcha_challenge_captcha-118\" value=\"3156283663\" \/><img loading=\"lazy\" decoding=\"async\" class=\"wpcf7-form-control wpcf7-captchac wpcf7-captcha-captcha-118\" width=\"84\" height=\"28\" alt=\"captcha\" src=\"https:\/\/assurances-simon.com\/wp-content\/uploads\/wpcf7_captcha\/3156283663.png\" \/><br \/>\n<span class=\"wpcf7-form-control-wrap\" data-name=\"captcha-118\"><input size=\"4\" maxlength=\"4\" class=\"wpcf7-form-control wpcf7-captchar\" autocomplete=\"off\" aria-invalid=\"false\" value=\"\" type=\"text\" name=\"captcha-118\" \/><\/span><\/label>\n<\/p>\n<p><input class=\"wpcf7-form-control wpcf7-submit has-spinner\" type=\"submit\" value=\"Envoyer\" \/>\n<\/p><div class=\"wpcf7-response-output\" aria-hidden=\"true\"><\/div>\n<\/form>\n<\/div>\n\n\n","protected":false},"excerpt":{"rendered":"<p>Obtenir une assurance automobile non standard au Qu\u00e9bec Signaler une r\u00e9clamation Assurance automobile non standard Assurances Simon offre des r\u00e9gimes d&rsquo;assurance non standard abordables aux automobilistes du Qu\u00e9bec. Vous n&rsquo;imaginez pas combien de conducteurs sont consid\u00e9r\u00e9s comme \u00ab atypiques \u00bb ou \u00ab \u00e0 risque \u00bb. Qu&rsquo;il s&rsquo;agisse de l&rsquo;\u00e2ge, des sinistres, du dossier de conduite, [&hellip;]<\/p>\n","protected":false},"author":2,"featured_media":0,"parent":0,"menu_order":0,"comment_status":"closed","ping_status":"closed","template":"","meta":{"site-sidebar-layout":"no-sidebar","site-content-layout":"page-builder","ast-site-content-layout":"default","site-content-style":"default","site-sidebar-style":"default","ast-global-header-display":"","ast-banner-title-visibility":"","ast-main-header-display":"","ast-hfb-above-header-display":"","ast-hfb-below-header-display":"","ast-hfb-mobile-header-display":"","site-post-title":"disabled","ast-breadcrumbs-content":"","ast-featured-img":"","footer-sml-layout":"","ast-disable-related-posts":"","theme-transparent-header-meta":"default","adv-header-id-meta":"","stick-header-meta":"default","header-above-stick-meta":"","header-main-stick-meta":"","header-below-stick-meta":"","astra-migrate-meta-layouts":"default","ast-page-background-enabled":"default","ast-page-background-meta":{"desktop":{"background-color":"","background-image":"","background-repeat":"repeat","background-position":"center center","background-size":"auto","background-attachment":"scroll","background-type":"","background-media":"","overlay-type":"","overlay-color":"","overlay-opacity":"","overlay-gradient":""},"tablet":{"background-color":"","background-image":"","background-repeat":"repeat","background-position":"center center","background-size":"auto","background-attachment":"scroll","background-type":"","background-media":"","overlay-type":"","overlay-color":"","overlay-opacity":"","overlay-gradient":""},"mobile":{"background-color":"","background-image":"","background-repeat":"repeat","background-position":"center center","background-size":"auto","background-attachment":"scroll","background-type":"","background-media":"","overlay-type":"","overlay-color":"","overlay-opacity":"","overlay-gradient":""}},"ast-content-background-meta":{"desktop":{"background-color":"var(--ast-global-color-5)","background-image":"","background-repeat":"repeat","background-position":"center center","background-size":"auto","background-attachment":"scroll","background-type":"","background-media":"","overlay-type":"","overlay-color":"","overlay-opacity":"","overlay-gradient":""},"tablet":{"background-color":"var(--ast-global-color-5)","background-image":"","background-repeat":"repeat","background-position":"center center","background-size":"auto","background-attachment":"scroll","background-type":"","background-media":"","overlay-type":"","overlay-color":"","overlay-opacity":"","overlay-gradient":""},"mobile":{"background-color":"var(--ast-global-color-5)","background-image":"","background-repeat":"repeat","background-position":"center center","background-size":"auto","background-attachment":"scroll","background-type":"","background-media":"","overlay-type":"","overlay-color":"","overlay-opacity":"","overlay-gradient":""}},"footnotes":""},"class_list":["post-115","page","type-page","status-publish","hentry"],"_links":{"self":[{"href":"https:\/\/assurances-simon.com\/fr\/wp-json\/wp\/v2\/pages\/115","targetHints":{"allow":["GET"]}}],"collection":[{"href":"https:\/\/assurances-simon.com\/fr\/wp-json\/wp\/v2\/pages"}],"about":[{"href":"https:\/\/assurances-simon.com\/fr\/wp-json\/wp\/v2\/types\/page"}],"author":[{"embeddable":true,"href":"https:\/\/assurances-simon.com\/fr\/wp-json\/wp\/v2\/users\/2"}],"replies":[{"embeddable":true,"href":"https:\/\/assurances-simon.com\/fr\/wp-json\/wp\/v2\/comments?post=115"}],"version-history":[{"count":10,"href":"https:\/\/assurances-simon.com\/fr\/wp-json\/wp\/v2\/pages\/115\/revisions"}],"predecessor-version":[{"id":1505,"href":"https:\/\/assurances-simon.com\/fr\/wp-json\/wp\/v2\/pages\/115\/revisions\/1505"}],"wp:attachment":[{"href":"https:\/\/assurances-simon.com\/fr\/wp-json\/wp\/v2\/media?parent=115"}],"curies":[{"name":"wp","href":"https:\/\/api.w.org\/{rel}","templated":true}]}}