{"id":135,"date":"2021-09-22T10:54:43","date_gmt":"2021-09-22T14:54:43","guid":{"rendered":"https:\/\/assurances-simon.com\/?page_id=135"},"modified":"2022-06-21T11:15:10","modified_gmt":"2022-06-21T15:15:10","slug":"contactez-nous","status":"publish","type":"page","link":"https:\/\/assurances-simon.com\/fr\/contactez-nous\/","title":{"rendered":"Contactez-Nous"},"content":{"rendered":"\n\n\t<h1>Contactez-Nous<\/h1>\n\t<h3><a href=\"\/fr\/en-cas-de-sinistres\/\">Signaler une r\u00e9clamation<\/a><\/h3>\n\t<h1>Contactez-Nous<\/h1>\n\t<strong>Assurances Simon<\/strong><br \/>\nT\u00e9l\u00e9phone: 514-881-8885<br \/>\nCourriel:<br \/>\n<a href=\"mailto:info@assurancessimon.com\"><strong>info@assurancessimon.com<\/strong><\/a>\nLundi\u00a0 9h- 17h<br \/>\nMardi 9h- 17h<br \/>\nMercredi 9h- 17h<br \/>\nJeudi 9h- 17h<br \/>\nVendredi\u00a0 \u00a09h &#8211; 16h<br \/>\nSamedi Ferm\u00e9<br \/>\nDimanche\u00a0 Ferm\u00e9\n\t<p>8490 Rue Saint Hubert, Montr\u00e9al, QC, H2P 1Z5<\/p>\n\t<iframe\nsrc=\"https:\/\/www.google.com\/maps\/embed?pb=!1m16!1m10!1m3!1d44701.4925732485!2d-73.640634!3d45.553478!2m1!3f0!3m2!1i1024!2i768!4f13.1!3m3!1m2!1s0x4cc91920a0928ce3%3A0xd2158a6ca9fead8b!2s8490+Rue+St-Hubert%2C+Montr%C3%A9al%2C+QC+H2P+1Z5%2C+Canada!5e0!3m2!1sfr!2sus!4v1467129447907\" width=\"600\" height=\"355\" frameborder=\"0\" allowfullscreen><\/iframe>\n\t<h3>PARLER AVEC UN<br \/>\nCOURTIER D&rsquo;ASSURANCE<\/h3>\n\t\n<div class=\"wpcf7 no-js\" id=\"wpcf7-f1397-o1\" lang=\"en-US\" dir=\"ltr\" data-wpcf7-id=\"1397\">\n<div class=\"screen-reader-response\"><p role=\"status\" aria-live=\"polite\" aria-atomic=\"true\"><\/p> <ul><\/ul><\/div>\n<form action=\"\/fr\/wp-json\/wp\/v2\/pages\/135#wpcf7-f1397-o1\" method=\"post\" class=\"wpcf7-form init\" aria-label=\"Contact form\" novalidate=\"novalidate\" data-status=\"init\">\n<fieldset class=\"hidden-fields-container\"><input type=\"hidden\" name=\"_wpcf7\" value=\"1397\" \/><input type=\"hidden\" name=\"_wpcf7_version\" value=\"6.1.5\" \/><input type=\"hidden\" name=\"_wpcf7_locale\" value=\"en_US\" \/><input type=\"hidden\" name=\"_wpcf7_unit_tag\" value=\"wpcf7-f1397-o1\" \/><input type=\"hidden\" name=\"_wpcf7_container_post\" value=\"0\" \/><input type=\"hidden\" name=\"_wpcf7_posted_data_hash\" value=\"\" \/>\n<\/fieldset>\n<p><label> Votre Nom * (obligatoire)<br \/>\n<span class=\"wpcf7-form-control-wrap\" data-name=\"your-name\"><input size=\"40\" maxlength=\"400\" class=\"wpcf7-form-control wpcf7-text wpcf7-validates-as-required\" aria-required=\"true\" aria-invalid=\"false\" value=\"\" type=\"text\" name=\"your-name\" \/><\/span> <\/label>\n<\/p>\n<p><label> T\u00e9l\u00e9phone (123-456-7890) *<br \/>\n<span class=\"wpcf7-form-control-wrap\" data-name=\"tel-689\"><input size=\"40\" maxlength=\"400\" class=\"wpcf7-form-control wpcf7-tel wpcf7-validates-as-required wpcf7-text wpcf7-validates-as-tel required\" aria-required=\"true\" aria-invalid=\"false\" value=\"\" type=\"tel\" name=\"tel-689\" \/><\/span> <\/label>\n<\/p>\n<p><label> Votre Courriel * (obligatoire)<br \/>\n<span class=\"wpcf7-form-control-wrap\" data-name=\"your-email\"><input size=\"40\" maxlength=\"400\" class=\"wpcf7-form-control wpcf7-email wpcf7-validates-as-required wpcf7-text wpcf7-validates-as-email\" aria-required=\"true\" aria-invalid=\"false\" value=\"\" type=\"email\" name=\"your-email\" \/><\/span> <\/label>\n<\/p>\n<p><label>Pr\u00e9f\u00e9rez-vous \u00eatre contact\u00e9 par:<\/label><br \/>\n<span class=\"wpcf7-form-control-wrap\" data-name=\"contact\"><span class=\"wpcf7-form-control wpcf7-checkbox wpcf7-validates-as-required\"><span class=\"wpcf7-list-item first\"><input type=\"checkbox\" name=\"contact[]\" value=\"T\u00e9l\u00e9phone\" \/><span class=\"wpcf7-list-item-label\">T\u00e9l\u00e9phone<\/span><\/span><span class=\"wpcf7-list-item last\"><input type=\"checkbox\" name=\"contact[]\" value=\"Courriel\" \/><span class=\"wpcf7-list-item-label\">Courriel<\/span><\/span><\/span><\/span>\n<\/p>\n<p><label> Message<br \/>\n<span class=\"wpcf7-form-control-wrap\" data-name=\"message\"><textarea cols=\"40\" rows=\"2\" maxlength=\"2000\" class=\"wpcf7-form-control wpcf7-textarea required\" aria-invalid=\"false\" name=\"message\"><\/textarea><\/span> <\/label>\n<\/p>\n<p><span class=\"wpcf7-form-control-wrap\" data-name=\"Consent\"><span class=\"wpcf7-form-control wpcf7-checkbox wpcf7-validates-as-required\"><span class=\"wpcf7-list-item first last\"><label><input type=\"checkbox\" name=\"Consent[]\" value=\"Je consens avoir pris connaissance de la politique de confidentialit\u00e9 du cabinet et remet mon consentement pour \u00eatre rejoint par un membre du cabinet.\" \/><span class=\"wpcf7-list-item-label\">Je consens avoir pris connaissance de la politique de confidentialit\u00e9 du cabinet et remet mon consentement pour \u00eatre rejoint par un membre du cabinet.<\/span><\/label><\/span><\/span><\/span>\n<\/p>\n<p><label>Entrez CAPTCHA dans la case ci-dessous<br \/>\n<input type=\"hidden\" name=\"_wpcf7_captcha_challenge_captcha-118\" value=\"3061107213\" \/><img loading=\"lazy\" decoding=\"async\" class=\"wpcf7-form-control wpcf7-captchac wpcf7-captcha-captcha-118\" width=\"84\" height=\"28\" alt=\"captcha\" src=\"https:\/\/assurances-simon.com\/wp-content\/uploads\/wpcf7_captcha\/3061107213.png\" \/><br \/>\n<span class=\"wpcf7-form-control-wrap\" data-name=\"captcha-118\"><input size=\"4\" maxlength=\"4\" class=\"wpcf7-form-control wpcf7-captchar\" autocomplete=\"off\" aria-invalid=\"false\" value=\"\" type=\"text\" name=\"captcha-118\" \/><\/span><\/label>\n<\/p>\n<p><input class=\"wpcf7-form-control wpcf7-submit has-spinner\" type=\"submit\" value=\"Envoyer\" \/>\n<\/p><div class=\"wpcf7-response-output\" aria-hidden=\"true\"><\/div>\n<\/form>\n<\/div>\n\n\n","protected":false},"excerpt":{"rendered":"<p>Contactez-Nous Signaler une r\u00e9clamation Contactez-Nous Assurances Simon T\u00e9l\u00e9phone: 514-881-8885 Courriel: info@assurancessimon.com Lundi\u00a0 9h- 17h Mardi 9h- 17h Mercredi 9h- 17h Jeudi 9h- 17h Vendredi\u00a0 \u00a09h &#8211; 16h Samedi Ferm\u00e9 Dimanche\u00a0 Ferm\u00e9 8490 Rue Saint Hubert, Montr\u00e9al, QC, H2P 1Z5 PARLER AVEC UN COURTIER D&rsquo;ASSURANCE<\/p>\n","protected":false},"author":2,"featured_media":0,"parent":0,"menu_order":0,"comment_status":"closed","ping_status":"closed","template":"","meta":{"site-sidebar-layout":"no-sidebar","site-content-layout":"page-builder","ast-site-content-layout":"default","site-content-style":"default","site-sidebar-style":"default","ast-global-header-display":"","ast-banner-title-visibility":"","ast-main-header-display":"","ast-hfb-above-header-display":"","ast-hfb-below-header-display":"","ast-hfb-mobile-header-display":"","site-post-title":"disabled","ast-breadcrumbs-content":"","ast-featured-img":"","footer-sml-layout":"","ast-disable-related-posts":"","theme-transparent-header-meta":"default","adv-header-id-meta":"","stick-header-meta":"default","header-above-stick-meta":"","header-main-stick-meta":"","header-below-stick-meta":"","astra-migrate-meta-layouts":"default","ast-page-background-enabled":"default","ast-page-background-meta":{"desktop":{"background-color":"","background-image":"","background-repeat":"repeat","background-position":"center center","background-size":"auto","background-attachment":"scroll","background-type":"","background-media":"","overlay-type":"","overlay-color":"","overlay-opacity":"","overlay-gradient":""},"tablet":{"background-color":"","background-image":"","background-repeat":"repeat","background-position":"center center","background-size":"auto","background-attachment":"scroll","background-type":"","background-media":"","overlay-type":"","overlay-color":"","overlay-opacity":"","overlay-gradient":""},"mobile":{"background-color":"","background-image":"","background-repeat":"repeat","background-position":"center center","background-size":"auto","background-attachment":"scroll","background-type":"","background-media":"","overlay-type":"","overlay-color":"","overlay-opacity":"","overlay-gradient":""}},"ast-content-background-meta":{"desktop":{"background-color":"var(--ast-global-color-5)","background-image":"","background-repeat":"repeat","background-position":"center center","background-size":"auto","background-attachment":"scroll","background-type":"","background-media":"","overlay-type":"","overlay-color":"","overlay-opacity":"","overlay-gradient":""},"tablet":{"background-color":"var(--ast-global-color-5)","background-image":"","background-repeat":"repeat","background-position":"center center","background-size":"auto","background-attachment":"scroll","background-type":"","background-media":"","overlay-type":"","overlay-color":"","overlay-opacity":"","overlay-gradient":""},"mobile":{"background-color":"var(--ast-global-color-5)","background-image":"","background-repeat":"repeat","background-position":"center center","background-size":"auto","background-attachment":"scroll","background-type":"","background-media":"","overlay-type":"","overlay-color":"","overlay-opacity":"","overlay-gradient":""}},"footnotes":""},"class_list":["post-135","page","type-page","status-publish","hentry"],"_links":{"self":[{"href":"https:\/\/assurances-simon.com\/fr\/wp-json\/wp\/v2\/pages\/135","targetHints":{"allow":["GET"]}}],"collection":[{"href":"https:\/\/assurances-simon.com\/fr\/wp-json\/wp\/v2\/pages"}],"about":[{"href":"https:\/\/assurances-simon.com\/fr\/wp-json\/wp\/v2\/types\/page"}],"author":[{"embeddable":true,"href":"https:\/\/assurances-simon.com\/fr\/wp-json\/wp\/v2\/users\/2"}],"replies":[{"embeddable":true,"href":"https:\/\/assurances-simon.com\/fr\/wp-json\/wp\/v2\/comments?post=135"}],"version-history":[{"count":20,"href":"https:\/\/assurances-simon.com\/fr\/wp-json\/wp\/v2\/pages\/135\/revisions"}],"predecessor-version":[{"id":1566,"href":"https:\/\/assurances-simon.com\/fr\/wp-json\/wp\/v2\/pages\/135\/revisions\/1566"}],"wp:attachment":[{"href":"https:\/\/assurances-simon.com\/fr\/wp-json\/wp\/v2\/media?parent=135"}],"curies":[{"name":"wp","href":"https:\/\/api.w.org\/{rel}","templated":true}]}}