{"id":87,"date":"2021-09-22T10:43:12","date_gmt":"2021-09-22T14:43:12","guid":{"rendered":"https:\/\/assurances-simon.com\/?page_id=87"},"modified":"2022-06-17T15:29:05","modified_gmt":"2022-06-17T19:29:05","slug":"assurance-voyage","status":"publish","type":"page","link":"https:\/\/assurances-simon.com\/fr\/assurance-voyage\/","title":{"rendered":"Assurance Voyage"},"content":{"rendered":"\n\n\t<h1>Vous \u00eates \u00e0 la recherche d&rsquo;une assurance voyage abordable ?<br \/>\nObtenez un devis rapide d&rsquo;assurance voyage maintenant !<\/h1>\n\t<h3><a href=\"\/fr\/en-cas-de-sinistres\/\">Signaler une r\u00e9clamation<\/a><\/h3>\n\t<h1>Assurance voyage<\/h1>\n\t<p>Nos polices d&rsquo;assurance voyage vous permettront de rester en s\u00e9curit\u00e9 pendant vos aventures. Vous avez attendu jusqu&rsquo;\u00e0 la derni\u00e8re minute ? Vous pouvez obtenir une assurance voyage compl\u00e8te en moins de cinq minutes !<\/p>\n\t\t\t<a href=\"https:\/\/shop.tugo.com\/store\/SIM847\/en\" target=\"_blank\" role=\"button\" rel=\"noopener\">\n\t\t\t\t\t\t\t Obtenez une assurance voyage d\u00e8s maintenant !\n\t\t\t\t\t<\/a>\n\t<h2>Explorez le monde sans souci avec une assurance voyage compl\u00e8te !<\/h2>\n\t<h4><a href=\"#anchor1\"><strong>Assurance m\u00e9dicale d&rsquo;urgence <\/strong><\/a><\/h4>\n\t<h4><a href=\"#anchor2\"><strong>Assurance voyage tout compris <\/strong><\/a><\/h4>\n\t<h4><a href=\"http:\/\/anchor3\"><strong>Assurance voyage non m\u00e9dicale <\/strong><\/a><\/h4>\n\t<h4><a href=\"#anchor4\"><strong>Assurance annulation et interruption de voyage <\/strong><\/a><\/h4>\n\t<h4><a href=\"#anchor5\"><strong>Assurance interruption de voyage <\/strong><\/a><\/h4>\n\t<h4><a href=\"#anchor6\"><strong>Assurance m\u00e9dicale d&rsquo;urgence pour les visiteurs au Canada<\/strong><\/a><\/h4>\n\t<h3 id=\"anchor1\"><\/h3>\n\t<h3> Assurance m\u00e9dicale d&rsquo;urgence <\/h3>\n<h4> Que couvre l&rsquo;assurance ?<\/h4>\n<p>Le s\u00e9jour \u00e0 l&rsquo;h\u00f4pital en cas d&rsquo;urgence \u00e0 l&rsquo;ext\u00e9rieur de la province, le traitement m\u00e9dical d&rsquo;urgence \u00e0 l&rsquo;ext\u00e9rieur de la province, l&rsquo;ambulance agr\u00e9\u00e9e, les frais dentaires d&rsquo;urgence, le remboursement des m\u00e9dicaments sur ordonnance, le transport m\u00e9dical d&rsquo;urgence, les frais de transport familial, les d\u00e9penses personnelles, la naissance inattendue d&rsquo;un enfant, les frais de retard de voyage a\u00e9rien.<\/p>\n<h4> Le COVID-19 fait-il partie de la couverture ? \n<\/h4><h4>\n<p>Si vous voyagez au Canada, la couverture COVID-19 est incluse quel que soit votre statut vaccinal. Pour les voyages \u00e0 l&rsquo;ext\u00e9rieur du Canada, la couverture COVID-19 est incluse pour les voyageurs enti\u00e8rement ou partiellement vaccin\u00e9s ainsi que pour les personnes qui ne sont pas encore admissibles en raison de leur \u00e2ge.<\/p>\n<\/h4><h4> Ai-je droit \u00e0 la couverture de l&rsquo;assurance m\u00e9dicale d&rsquo;urgence ?<\/h4>\n<p>Pour adh\u00e9rer \u00e0 ce r\u00e9gime d&rsquo;assurance voyage particulier, vous devez \u00eatre un r\u00e9sident canadien et \u00eatre assur\u00e9 et\/ou admissible \u00e0 des prestations en vertu du r\u00e9gime d&rsquo;assurance maladie de votre province ou territoire de r\u00e9sidence.<\/p>\n<h4> Quelles sont mes options de voyage ?<\/h4>\nVous pouvez souscrire une assurance m\u00e9dicale d&rsquo;urgence pour les voyages suivants :<br \/>\nVoyage annuel \u00e0 voyages multiples dans le monde entier ou au Canada<br \/>\nVoyage unique dans le monde entier<br \/>\nDans le monde entier, \u00e0 l&rsquo;exception des \u00c9tats-Unis, ou au Canada\n\t\t\t<a href=\"https:\/\/shop.tugo.com\/store\/SIM847\/en\" target=\"_blank\" role=\"button\" rel=\"noopener\">\n\t\t\t\t\t\t\tObtenir un devis\n\t\t\t\t\t<\/a>\n\t<h3 id=\"anchor2\"><\/h3>\n\t<h3> Assurance voyage tout compris <\/h3>\n<h4>Que couvre l&rsquo;assurance ?<\/h4>\n<p>Tout ce qui est inclus dans l&rsquo;assurance m\u00e9dicale d&rsquo;urgence (dans le monde entier) : s\u00e9jour hospitalier d&rsquo;urgence \u00e0 l&rsquo;ext\u00e9rieur de la province, traitement m\u00e9dical d&rsquo;urgence \u00e0 l&rsquo;ext\u00e9rieur de la province, ambulance agr\u00e9\u00e9e, frais dentaires d&rsquo;urgence, remboursement des m\u00e9dicaments d&rsquo;ordonnance, transport m\u00e9dical d&rsquo;urgence, frais de transport familial, frais remboursables, naissance inattendue d&rsquo;un enfant, frais de retard de voyage a\u00e9rien.<\/p>\n<p>Assurance d\u00e9c\u00e8s et mutilation accidentels, annulation et interruption de voyage, assurance bagages.<\/p>\n<h4>L&rsquo;assurance couvre-t-elle le COVID-19 ?<\/h4>\n<p>Si vous voyagez \u00e0 l&rsquo;int\u00e9rieur du Canada, la couverture COVID-19 est incluse quel que soit votre statut vaccinal. Pour les voyages \u00e0 l&rsquo;ext\u00e9rieur du Canada, la couverture COVID-19 est incluse pour les voyageurs enti\u00e8rement ou partiellement vaccin\u00e9s ainsi que pour les personnes qui ne sont pas encore admissibles en raison de leur \u00e2ge.<\/p>\n<h4> Suis-je admissible \u00e0 l&rsquo;assurance voyage tout compris ?<\/h4>\n<p>Pour souscrire cette assurance, vous devez \u00eatre un r\u00e9sident canadien \u00e2g\u00e9 de moins de 59 ans et \u00eatre assur\u00e9 et\/ou admissible aux prestations du r\u00e9gime d&rsquo;assurance maladie de votre province ou territoire de r\u00e9sidence.<\/p>\n<h4>Quelles sont mes options de couverture ?<\/h4>\n<p>Souscrivez cette assurance en tant que police Voyage unique.<\/p>\n\t\t\t<a href=\"https:\/\/shop.tugo.com\/store\/SIM847\/en\" target=\"_blank\" role=\"button\" rel=\"noopener\">\n\t\t\t\t\t\t\tObtenir un devis\n\t\t\t\t\t<\/a>\n\t<h3 id=\"anchor3\"><\/h3>\n\t<h3> Assurance voyage non m\u00e9dicale <\/h3>\n<h4>Que comprend l&rsquo;assurance ?<\/h4>\n<p>Assurance annulation et interruption de voyage, assurance d\u00e9c\u00e8s et mutilation accidentels, assurance bagages.<\/p>\n<h4>Quelles sont mes options de couverture ?<\/h4>\n<p>Souscrivez cette assurance en tant que police de voyage unique.<\/p>\n<h4> Suis-je admissible \u00e0 l&rsquo;assurance voyage non m\u00e9dicale ?<\/h4>\n<p>Pour souscrire ce r\u00e9gime d&rsquo;assurance voyage particulier, vous devez \u00eatre un r\u00e9sident canadien et \u00eatre assur\u00e9 et\/ou admissible \u00e0 des prestations en vertu du r\u00e9gime d&rsquo;assurance maladie de votre province ou territoire de r\u00e9sidence.<\/p>\n\t\t\t<a href=\"https:\/\/shop.tugo.com\/store\/SIM847\/en\" target=\"_blank\" role=\"button\" rel=\"noopener\">\n\t\t\t\t\t\t\tObtenir un devis\n\t\t\t\t\t<\/a>\n\t<h3 id=\"anchor4\"><\/h3>\n\t<h3> Assurance annulation et interruption de voyage <\/h3>\n<h4>Que couvre l&rsquo;assurance ?<\/h4>\n<p>Conditions m\u00e9dicales impr\u00e9vues et\/ou d\u00e9c\u00e8s de vous-m\u00eame, de votre compagnon de voyage, d&rsquo;un membre de votre famille ou de la famille de votre compagnon de voyage, catastrophe naturelle, alerte aux voyageurs, auto-quarantaine\/auto-isolement, d\u00e9part anticip\u00e9 ou tardif ou annulation de votre transporteur public, perte involontaire d&#8217;emploi, non-d\u00e9livrance d&rsquo;un visa de voyage et plus encore.<\/p>\n<h4>Quelles sont mes options de couverture \n<\/h4><h4>\nLes Canadiens peuvent souscrire cette assurance en tant que police annuelle multivoyage ou voyage unique. Les visiteurs au Canada doivent souscrire cette assurance en tant que police Voyage unique.\n<\/h4><h4> Suis-je admissible \u00e0 l&rsquo;assurance annulation et interruption de voyage ?<\/h4>\n<p>Ce r\u00e9gime d&rsquo;assurance est ouvert aux r\u00e9sidents canadiens. Pour les visiteurs au Canada, vous devez souscrire avant votre arriv\u00e9e au Canada (\u00e0 condition qu&rsquo;une partie ou la totalit\u00e9 de votre voyage se d\u00e9roule au Canada) ou souscrire apr\u00e8s votre arriv\u00e9e au Canada, pour les voyages secondaires \u00e0 l&rsquo;ext\u00e9rieur du Canada (\u00e0 condition que le voyage commence au Canada).<\/p>\n\t\t\t<a href=\"https:\/\/shop.tugo.com\/store\/SIM847\/en\" target=\"_blank\" role=\"button\" rel=\"noopener\">\n\t\t\t\t\t\t\tObtenir un devis\n\t\t\t\t\t<\/a>\n\t<h3 id=\"anchor5\"><\/h3>\n\t<h3> Assurance interruption de voyage <\/h3>\n<h4>Que couvre l&rsquo;assurance ?<\/h4>\n<p>Conditions m\u00e9dicales inattendues et\/ou d\u00e9c\u00e8s de vous-m\u00eame, de votre compagnon de voyage, d&rsquo;un membre de votre famille ou de celle de votre compagnon de voyage, catastrophe naturelle, avis aux voyageurs, d\u00e9part anticip\u00e9 ou tardif ou annulation de votre transporteur public, perte involontaire d&#8217;emploi, non-d\u00e9livrance d&rsquo;un visa de voyage et plus encore.<\/p>\n<h4>Quelles sont mes options de couverture ?\n<\/h4><h4>\nLes Canadiens peuvent souscrire cette assurance en tant que police annuelle multivoyage ou voyage unique. Les visiteurs au Canada doivent souscrire cette assurance en tant que police Voyage unique.\n<\/h4><h4> Suis-je admissible \u00e0 l&rsquo;assurance annulation et interruption de voyage ?<\/h4>\n<p>Ce r\u00e9gime d&rsquo;assurance est ouvert aux r\u00e9sidents canadiens. Pour les visiteurs au Canada, vous devez souscrire avant votre arriv\u00e9e au Canada (\u00e0 condition qu&rsquo;une partie ou la totalit\u00e9 de votre voyage se d\u00e9roule au Canada) ou souscrire apr\u00e8s votre arriv\u00e9e au Canada, pour les voyages secondaires \u00e0 l&rsquo;ext\u00e9rieur du Canada (\u00e0 condition que le voyage commence au Canada).<\/p>\n\t\t\t<a href=\"https:\/\/shop.tugo.com\/store\/SIM847\/en\" target=\"_blank\" role=\"button\" rel=\"noopener\">\n\t\t\t\t\t\t\tObtenir un devis\n\t\t\t\t\t<\/a>\n\t<h3 id=\"anchor6\"><\/h3>\n\t<h3> Assurance m\u00e9dicale d&rsquo;urgence pour les visiteurs au Canada <\/h3>\n<h4>Que couvre l&rsquo;assurance ?<\/h4>\n<p>Elle comprend les traitements m\u00e9dicaux et les visites de suivi chez un m\u00e9decin ou dans un h\u00f4pital, les services dentaires d&rsquo;urgence, la garde d&rsquo;enfants, les frais de maternit\u00e9, le transport familial, les d\u00e9penses personnelles et plus encore.<\/p>\n<h4>Quelles sont mes options e couverture ?<\/h4>\n<p>Souscrivez cette assurance en tant que police voyage unique.<\/p>\n<h4> Suis-je admissible \u00e0 l&rsquo;assurance m\u00e9dicale d&rsquo;urgence pour les visiteurs au Canada ?<\/h4>\n<p>Pour souscrire cette assurance, vous devez \u00eatre un visiteur au Canada, un immigrant en attente d&rsquo;une couverture m\u00e9dicale du gouvernement provincial ou un Canadien de retour au pays.<\/p>\n\t\t\t<a href=\"https:\/\/shop.tugo.com\/store\/SIM847\/en\" target=\"_blank\" role=\"button\" rel=\"noopener\">\n\t\t\t\t\t\t\tObtenir un devis\n\t\t\t\t\t<\/a>\n\t<h3>Get travel insurance now!<\/h3>\n\t\t\t<a href=\"https:\/\/shop.tugo.com\/store\/SIM847\/en\" target=\"_blank\" role=\"button\" rel=\"noopener\">\n\t\t\t\t\t\t\tObtenir un devis\n\t\t\t\t\t<\/a>\n\n","protected":false},"excerpt":{"rendered":"<p>Vous \u00eates \u00e0 la recherche d&rsquo;une assurance voyage abordable ? Obtenez un devis rapide d&rsquo;assurance voyage maintenant ! Signaler une r\u00e9clamation Assurance voyage Nos polices d&rsquo;assurance voyage vous permettront de rester en s\u00e9curit\u00e9 pendant vos aventures. Vous avez attendu jusqu&rsquo;\u00e0 la derni\u00e8re minute ? Vous pouvez obtenir une assurance voyage compl\u00e8te en moins de cinq [&hellip;]<\/p>\n","protected":false},"author":2,"featured_media":0,"parent":0,"menu_order":0,"comment_status":"closed","ping_status":"closed","template":"","meta":{"site-sidebar-layout":"no-sidebar","site-content-layout":"page-builder","ast-site-content-layout":"default","site-content-style":"default","site-sidebar-style":"default","ast-global-header-display":"","ast-banner-title-visibility":"","ast-main-header-display":"","ast-hfb-above-header-display":"","ast-hfb-below-header-display":"","ast-hfb-mobile-header-display":"","site-post-title":"disabled","ast-breadcrumbs-content":"","ast-featured-img":"","footer-sml-layout":"","ast-disable-related-posts":"","theme-transparent-header-meta":"default","adv-header-id-meta":"","stick-header-meta":"default","header-above-stick-meta":"","header-main-stick-meta":"","header-below-stick-meta":"","astra-migrate-meta-layouts":"default","ast-page-background-enabled":"default","ast-page-background-meta":{"desktop":{"background-color":"","background-image":"","background-repeat":"repeat","background-position":"center center","background-size":"auto","background-attachment":"scroll","background-type":"","background-media":"","overlay-type":"","overlay-color":"","overlay-opacity":"","overlay-gradient":""},"tablet":{"background-color":"","background-image":"","background-repeat":"repeat","background-position":"center center","background-size":"auto","background-attachment":"scroll","background-type":"","background-media":"","overlay-type":"","overlay-color":"","overlay-opacity":"","overlay-gradient":""},"mobile":{"background-color":"","background-image":"","background-repeat":"repeat","background-position":"center center","background-size":"auto","background-attachment":"scroll","background-type":"","background-media":"","overlay-type":"","overlay-color":"","overlay-opacity":"","overlay-gradient":""}},"ast-content-background-meta":{"desktop":{"background-color":"var(--ast-global-color-5)","background-image":"","background-repeat":"repeat","background-position":"center center","background-size":"auto","background-attachment":"scroll","background-type":"","background-media":"","overlay-type":"","overlay-color":"","overlay-opacity":"","overlay-gradient":""},"tablet":{"background-color":"var(--ast-global-color-5)","background-image":"","background-repeat":"repeat","background-position":"center center","background-size":"auto","background-attachment":"scroll","background-type":"","background-media":"","overlay-type":"","overlay-color":"","overlay-opacity":"","overlay-gradient":""},"mobile":{"background-color":"var(--ast-global-color-5)","background-image":"","background-repeat":"repeat","background-position":"center center","background-size":"auto","background-attachment":"scroll","background-type":"","background-media":"","overlay-type":"","overlay-color":"","overlay-opacity":"","overlay-gradient":""}},"footnotes":""},"class_list":["post-87","page","type-page","status-publish","hentry"],"_links":{"self":[{"href":"https:\/\/assurances-simon.com\/fr\/wp-json\/wp\/v2\/pages\/87","targetHints":{"allow":["GET"]}}],"collection":[{"href":"https:\/\/assurances-simon.com\/fr\/wp-json\/wp\/v2\/pages"}],"about":[{"href":"https:\/\/assurances-simon.com\/fr\/wp-json\/wp\/v2\/types\/page"}],"author":[{"embeddable":true,"href":"https:\/\/assurances-simon.com\/fr\/wp-json\/wp\/v2\/users\/2"}],"replies":[{"embeddable":true,"href":"https:\/\/assurances-simon.com\/fr\/wp-json\/wp\/v2\/comments?post=87"}],"version-history":[{"count":10,"href":"https:\/\/assurances-simon.com\/fr\/wp-json\/wp\/v2\/pages\/87\/revisions"}],"predecessor-version":[{"id":1501,"href":"https:\/\/assurances-simon.com\/fr\/wp-json\/wp\/v2\/pages\/87\/revisions\/1501"}],"wp:attachment":[{"href":"https:\/\/assurances-simon.com\/fr\/wp-json\/wp\/v2\/media?parent=87"}],"curies":[{"name":"wp","href":"https:\/\/api.w.org\/{rel}","templated":true}]}}