{"id":894,"date":"2022-05-17T14:46:43","date_gmt":"2022-05-17T18:46:43","guid":{"rendered":"https:\/\/assurances-simon.com\/?page_id=894"},"modified":"2022-06-17T16:23:03","modified_gmt":"2022-06-17T20:23:03","slug":"assurance-bateau","status":"publish","type":"page","link":"https:\/\/assurances-simon.com\/fr\/assurance-bateau\/","title":{"rendered":"Assurance bateau"},"content":{"rendered":"\n\n\t<h1>Obtenez une assurance bateau abordable au Qu\u00e9bec<br \/>\navec Assurances Simon<\/h1>\n\t\t\t\t<img decoding=\"async\" src=\"https:\/\/assurances-simon.com\/wp-content\/plugins\/bb-plugin\/img\/pixel.png\" alt=\"\" itemprop=\"image\" onerror=\"this.style.display='none'\"  \/>\n\t<h3><a href=\"\/fr\/en-cas-de-sinistres\/\">Signaler une r\u00e9clamation<\/a><\/h3>\n\t<h1>Assurance bateau<\/h1>\n\t<p>Que vous soyez adepte des catamarans performants ou que vous pr\u00e9f\u00e9riez les croisi\u00e8res de week-end, vous avez besoin d&rsquo;une assurance bateau adapt\u00e9e \u00e0 vos besoins.<\/p>\n\t\t\t<a href=\"tel:5148818885\" target=\"_self\" role=\"button\" rel=\"noopener\">\n\t\t\t\t\t\t\tObtenir une assurance bateau maintenant !\n\t\t\t\t\t<\/a>\n\t<h2>Que couvre l&rsquo;assurance bateau ?<\/h2>\n<h3>La responsabilit\u00e9 civile<\/h3>\n<p>Vous ne pouvez pas utiliser une embarcation dans les eaux du Qu\u00e9bec sans \u00eatre titulaire d&rsquo;une police de responsabilit\u00e9 civile.<\/p>\n<h3>Dommage sur bateau<\/h3>\n<p>Y compris les dommages caus\u00e9s par le feu, le vol, le vandalisme, la foudre, la gr\u00eale et les temp\u00eates de vent.<\/p>\n<h3>Impact ou collision<\/h3>\n<p>Ne laissez pas un accident ruiner vos r\u00eaves de vie marine.<\/p>\n<h3> Blessures et d\u00e9c\u00e8s accidentels <\/h3>\n<p>Couvre le co\u00fbt des frais m\u00e9dicaux en cas de blessure sur votre bateau. Vous b\u00e9n\u00e9ficiez \u00e9galement d&rsquo;une couverture en cas de d\u00e9c\u00e8s accidentel.<\/p>\n<h3> Suppl\u00e9ment : extension de navigation <\/h3>\n<p>Couvre votre bateau pour des voyages dans le sud des \u00c9tats-Unis, les Cara\u00efbes, ainsi que les Bahamas.<\/p>\n<h3> Suppl\u00e9ment : utilisation occasionnelle <\/h3>\n<p>Parfait pour une personne qui utilise occasionnellement son embarcation pour des \u0153uvres de charit\u00e9 ou pour le loisir des clients.<\/p>\n<h3>Suppl\u00e9ment : Location et perte d&rsquo;usage <\/h3>\n<p>Elle couvre les frais de location d&rsquo;un bateau de remplacement ou d&rsquo;une voiture de location ainsi que les frais de taxi si vous ne pouvez pas utiliser votre bateau pendant les r\u00e9parations en raison d&rsquo;un risque couvert.<\/p>\n<h3>Suppl\u00e9ment : couverture du montant convenu <\/h3>\n<p>Vous \u00eates couvert pour une valeur de remplacement convenue en cas de perte totale, quelle que soit la d\u00e9pr\u00e9ciation de votre bateau.<\/p>\n<h2> Souscrivez une assurance bateau maintenant !<\/h2>\n<p>Qu&rsquo;attendez-vous ? Appelez-nous au 514-881-8885 et nous vous obtiendrons une soumission d&rsquo;assurance bateau en un rien de temps !<\/p>\n<h2> Maintenez-vous \u00e0 flot avec une assurance bateau abordable <\/h2>\n<p>Nous travaillons avec les plus grands fournisseurs d&rsquo;assurance bateau du pays. Travailler avec un tel portefeuille de compagnies nous permet de trouver la police parfaite au prix id\u00e9al. En cas de sinistre, notre r\u00f4le est d&rsquo;\u00eatre \u00e0 vos c\u00f4t\u00e9s. Nous sommes l\u00e0 pour vous aider.<\/p>\n\t<h2>Toutes vos assurances au Qu\u00e9bec sous un m\u00eame toit<\/h2>\n\t<h4><a href=\"\/fr\/assurance-automobile\/\">Assurance automobile<\/a><\/h4>\n\t<h4><a href=\"\/fr\/assurance-habitation\/\">Assurance<br \/>\nHabitation<\/a><\/h4>\n\t<h4><a href=\"\/fr\/assurance-voyage\/\">Assurance<br \/>\nVoyage<\/a><\/h4>\n\t<h3 id=\"anchor1\"><\/h3>\n\t<h3>PARLER AVEC UN COURTIER D&rsquo;ASSURANCE<\/h3>\n\t\n<div class=\"wpcf7 no-js\" id=\"wpcf7-f1395-o1\" lang=\"en-US\" dir=\"ltr\" data-wpcf7-id=\"1395\">\n<div class=\"screen-reader-response\"><p role=\"status\" aria-live=\"polite\" aria-atomic=\"true\"><\/p> <ul><\/ul><\/div>\n<form action=\"\/fr\/wp-json\/wp\/v2\/pages\/894#wpcf7-f1395-o1\" method=\"post\" class=\"wpcf7-form init\" aria-label=\"Contact form\" novalidate=\"novalidate\" data-status=\"init\">\n<fieldset class=\"hidden-fields-container\"><input type=\"hidden\" name=\"_wpcf7\" value=\"1395\" \/><input type=\"hidden\" name=\"_wpcf7_version\" value=\"6.1.5\" \/><input type=\"hidden\" name=\"_wpcf7_locale\" value=\"en_US\" \/><input type=\"hidden\" name=\"_wpcf7_unit_tag\" value=\"wpcf7-f1395-o1\" \/><input type=\"hidden\" name=\"_wpcf7_container_post\" value=\"0\" \/><input type=\"hidden\" name=\"_wpcf7_posted_data_hash\" value=\"\" \/>\n<\/fieldset>\n<p><label> Votre Nom * (obligatoire)<br \/>\n<span class=\"wpcf7-form-control-wrap\" data-name=\"your-name\"><input size=\"40\" maxlength=\"400\" class=\"wpcf7-form-control wpcf7-text wpcf7-validates-as-required\" aria-required=\"true\" aria-invalid=\"false\" value=\"\" type=\"text\" name=\"your-name\" \/><\/span> <\/label>\n<\/p>\n<p><label> Votre Courriel * (obligatoire)<br \/>\n<span class=\"wpcf7-form-control-wrap\" data-name=\"your-email\"><input size=\"40\" maxlength=\"400\" class=\"wpcf7-form-control wpcf7-email wpcf7-validates-as-required wpcf7-text wpcf7-validates-as-email\" aria-required=\"true\" aria-invalid=\"false\" value=\"\" type=\"email\" name=\"your-email\" \/><\/span> <\/label>\n<\/p>\n<p><label> T\u00e9l\u00e9phone (123-456-7890) * (obligatoire)<br \/>\n<span class=\"wpcf7-form-control-wrap\" data-name=\"tel-689\"><input size=\"40\" maxlength=\"400\" class=\"wpcf7-form-control wpcf7-tel wpcf7-validates-as-required wpcf7-text wpcf7-validates-as-tel required\" aria-required=\"true\" aria-invalid=\"false\" value=\"\" type=\"tel\" name=\"tel-689\" \/><\/span> <\/label>\n<\/p>\n<p><label> Sujet<br \/>\n<span class=\"wpcf7-form-control-wrap\" data-name=\"your-choice\"><select class=\"wpcf7-form-control wpcf7-select wpcf7-validates-as-required\" aria-required=\"true\" aria-invalid=\"false\" name=\"your-choice\"><option value=\"Assurance bateau\">Assurance bateau<\/option><\/select><\/span><\/label>\n<\/p>\n<p><span class=\"wpcf7-form-control-wrap\" data-name=\"Consent\"><span class=\"wpcf7-form-control wpcf7-checkbox wpcf7-validates-as-required\"><span class=\"wpcf7-list-item first last\"><label><input type=\"checkbox\" name=\"Consent[]\" value=\"Je consens avoir pris connaissance de la politique de confidentialit\u00e9 du cabinet et remet mon consentement pour \u00eatre rejoint par un membre du cabinet.\" \/><span class=\"wpcf7-list-item-label\">Je consens avoir pris connaissance de la politique de confidentialit\u00e9 du cabinet et remet mon consentement pour \u00eatre rejoint par un membre du cabinet.<\/span><\/label><\/span><\/span><\/span>\n<\/p>\n<p><label>Entrez CAPTCHA dans la case ci-dessous<br \/>\n<input type=\"hidden\" name=\"_wpcf7_captcha_challenge_captcha-118\" value=\"167848028\" \/><img loading=\"lazy\" decoding=\"async\" class=\"wpcf7-form-control wpcf7-captchac wpcf7-captcha-captcha-118\" width=\"84\" height=\"28\" alt=\"captcha\" src=\"https:\/\/assurances-simon.com\/wp-content\/uploads\/wpcf7_captcha\/167848028.png\" \/><br \/>\n<span class=\"wpcf7-form-control-wrap\" data-name=\"captcha-118\"><input size=\"4\" maxlength=\"4\" class=\"wpcf7-form-control wpcf7-captchar\" autocomplete=\"off\" aria-invalid=\"false\" value=\"\" type=\"text\" name=\"captcha-118\" \/><\/span><\/label>\n<\/p>\n<p><input class=\"wpcf7-form-control wpcf7-submit has-spinner\" type=\"submit\" value=\"Envoyer\" \/>\n<\/p><div class=\"wpcf7-response-output\" aria-hidden=\"true\"><\/div>\n<\/form>\n<\/div>\n\n\n","protected":false},"excerpt":{"rendered":"<p>Obtenez une assurance bateau abordable au Qu\u00e9bec avec Assurances Simon Signaler une r\u00e9clamation Assurance bateau Que vous soyez adepte des catamarans performants ou que vous pr\u00e9f\u00e9riez les croisi\u00e8res de week-end, vous avez besoin d&rsquo;une assurance bateau adapt\u00e9e \u00e0 vos besoins. Obtenir une assurance bateau maintenant ! Que couvre l&rsquo;assurance bateau ? La responsabilit\u00e9 civile Vous [&hellip;]<\/p>\n","protected":false},"author":2,"featured_media":0,"parent":0,"menu_order":0,"comment_status":"closed","ping_status":"closed","template":"","meta":{"site-sidebar-layout":"no-sidebar","site-content-layout":"page-builder","ast-site-content-layout":"default","site-content-style":"default","site-sidebar-style":"default","ast-global-header-display":"","ast-banner-title-visibility":"","ast-main-header-display":"","ast-hfb-above-header-display":"","ast-hfb-below-header-display":"","ast-hfb-mobile-header-display":"","site-post-title":"disabled","ast-breadcrumbs-content":"","ast-featured-img":"","footer-sml-layout":"","ast-disable-related-posts":"","theme-transparent-header-meta":"default","adv-header-id-meta":"","stick-header-meta":"default","header-above-stick-meta":"","header-main-stick-meta":"","header-below-stick-meta":"","astra-migrate-meta-layouts":"default","ast-page-background-enabled":"default","ast-page-background-meta":{"desktop":{"background-color":"","background-image":"","background-repeat":"repeat","background-position":"center center","background-size":"auto","background-attachment":"scroll","background-type":"","background-media":"","overlay-type":"","overlay-color":"","overlay-opacity":"","overlay-gradient":""},"tablet":{"background-color":"","background-image":"","background-repeat":"repeat","background-position":"center center","background-size":"auto","background-attachment":"scroll","background-type":"","background-media":"","overlay-type":"","overlay-color":"","overlay-opacity":"","overlay-gradient":""},"mobile":{"background-color":"","background-image":"","background-repeat":"repeat","background-position":"center center","background-size":"auto","background-attachment":"scroll","background-type":"","background-media":"","overlay-type":"","overlay-color":"","overlay-opacity":"","overlay-gradient":""}},"ast-content-background-meta":{"desktop":{"background-color":"var(--ast-global-color-5)","background-image":"","background-repeat":"repeat","background-position":"center center","background-size":"auto","background-attachment":"scroll","background-type":"","background-media":"","overlay-type":"","overlay-color":"","overlay-opacity":"","overlay-gradient":""},"tablet":{"background-color":"var(--ast-global-color-5)","background-image":"","background-repeat":"repeat","background-position":"center center","background-size":"auto","background-attachment":"scroll","background-type":"","background-media":"","overlay-type":"","overlay-color":"","overlay-opacity":"","overlay-gradient":""},"mobile":{"background-color":"var(--ast-global-color-5)","background-image":"","background-repeat":"repeat","background-position":"center center","background-size":"auto","background-attachment":"scroll","background-type":"","background-media":"","overlay-type":"","overlay-color":"","overlay-opacity":"","overlay-gradient":""}},"footnotes":""},"class_list":["post-894","page","type-page","status-publish","hentry"],"_links":{"self":[{"href":"https:\/\/assurances-simon.com\/fr\/wp-json\/wp\/v2\/pages\/894","targetHints":{"allow":["GET"]}}],"collection":[{"href":"https:\/\/assurances-simon.com\/fr\/wp-json\/wp\/v2\/pages"}],"about":[{"href":"https:\/\/assurances-simon.com\/fr\/wp-json\/wp\/v2\/types\/page"}],"author":[{"embeddable":true,"href":"https:\/\/assurances-simon.com\/fr\/wp-json\/wp\/v2\/users\/2"}],"replies":[{"embeddable":true,"href":"https:\/\/assurances-simon.com\/fr\/wp-json\/wp\/v2\/comments?post=894"}],"version-history":[{"count":5,"href":"https:\/\/assurances-simon.com\/fr\/wp-json\/wp\/v2\/pages\/894\/revisions"}],"predecessor-version":[{"id":1525,"href":"https:\/\/assurances-simon.com\/fr\/wp-json\/wp\/v2\/pages\/894\/revisions\/1525"}],"wp:attachment":[{"href":"https:\/\/assurances-simon.com\/fr\/wp-json\/wp\/v2\/media?parent=894"}],"curies":[{"name":"wp","href":"https:\/\/api.w.org\/{rel}","templated":true}]}}