{"id":898,"date":"2022-05-17T14:47:14","date_gmt":"2022-05-17T18:47:14","guid":{"rendered":"https:\/\/assurances-simon.com\/?page_id=898"},"modified":"2022-06-17T16:44:58","modified_gmt":"2022-06-17T20:44:58","slug":"assurance-sur-les-vehicules-commerciaux","status":"publish","type":"page","link":"https:\/\/assurances-simon.com\/fr\/assurance-sur-les-vehicules-commerciaux\/","title":{"rendered":"Assurance sur les v\u00e9hicules commerciaux"},"content":{"rendered":"\n\n\t<h1>Assurance automobile commerciale<\/h1>\n\t<h3><a href=\"\/fr\/en-cas-de-sinistres\/\">Signaler une r\u00e9clamation<\/a><\/h3>\n\t<h1>Assurance sur les v\u00e9hicules commerciaux<\/h1>\n\t<p>Une assurance compl\u00e8te des v\u00e9hicules commerciaux prot\u00e8ge les voitures, les camions et les vans qui font avancer votre entreprise.<\/p>\n<p><b> Appelez le 514-881-8885 pour obtenir un devis.<\/b><\/p>\n\t<h2>Notre assurance des v\u00e9hicules commerciaux couvre chaque voiture de votre parc !<\/h2>\n\t<h4>V\u00e9hicules de service<\/h4>\n\t<h4>V\u00e9hicules de transport de passagers<\/h4>\n\t<h4>V\u00e9hicules de livraison et de transport<\/h4>\n\t<h4>V\u00e9hicules lourds<\/h4>\n\t<h4>Remorques<\/h4>\n\t<h4>Flottes commerciales<\/h4>\n\t\t\t<a href=\"#anchor1\" target=\"_self\" role=\"button\" rel=\"noopener\">\n\t\t\t\t\t\t\tObtenir un devis gratuit !\n\t\t\t\t\t<\/a>\n\t<h2>Ce que vous pouvez attendre de votre assurance v\u00e9hicules utilitaires au Qu\u00e9bec<\/h2>\n<p>Nos courtiers d&rsquo;assurance apprendront \u00e0 conna\u00eetre votre entreprise afin de d\u00e9terminer la meilleure police d&rsquo;assurance automobile commerciale pour vous. Bien qu&rsquo;il n&rsquo;y ait pas de solution unique pour l&rsquo;assurance des v\u00e9hicules commerciaux, il existe quelques couvertures standard.<\/p>\n<h3>Responsabilit\u00e9 civile<\/h3>\n<p>L&rsquo;assurance responsabilit\u00e9 civile est obligatoire pour pouvoir conduire un v\u00e9hicule au Qu\u00e9bec. Elle vous couvre si votre v\u00e9hicule est endommag\u00e9 dans un accident dont vous n&rsquo;\u00eates pas responsable ou si vous causez des dommages \u00e0 des tiers.<\/p>\n<h3>Collision<\/h3>\n<p>Comme son nom l&rsquo;indique, la garantie collision couvre les dommages caus\u00e9s \u00e0 vos v\u00e9hicules utilitaires lors d&rsquo;un accident responsable. Elle vous prot\u00e8ge \u00e9galement au cas o\u00f9 vous seriez victime d&rsquo;un d\u00e9lit de fuite.<\/p>\n<h3>Compl\u00e8te<\/h3>\n<p>Elle couvre votre v\u00e9hicule commercial en cas de dommages caus\u00e9s par le feu, le bris de glace, le vol, le vandalisme, les inondations et la gr\u00eale.<\/p>\n<h2>Allez plus loin avec ces compl\u00e9ments d&rsquo;assurance pour v\u00e9hicules utilitaires!<\/h2>\n<h3>Valeur de remplacement<\/h3>\n<p>R\u00e9cup\u00e9rez votre argent en prot\u00e9geant vos v\u00e9hicules utilitaires contre la d\u00e9pr\u00e9ciation pendant un maximum de 5 ans. Couvre l&rsquo;achat de nouvelles pi\u00e8ces en cas de perte partielle. Perte totale ? Voiture vol\u00e9e ? Elle sera remplac\u00e9e par un nouveau v\u00e9hicule du m\u00eame mod\u00e8le !<\/p>\n<h3>Risques complexes<\/h3>\n<p>La couverture des risques complexes de votre assurance des v\u00e9hicules commerciaux comprend une couverture pour les entreprises de l&rsquo;industrie du transport transfrontalier. Si votre entreprise transporte des marchandises \u00e0 travers la fronti\u00e8re canado-am\u00e9ricaine, cette garantie est pour vous.<\/p>\n<h3>V\u00e9hicules de location<\/h3>\n<p>Saviez-vous que vous pouvez ajouter une couverture suppl\u00e9mentaire pour les dommages physiques et la responsabilit\u00e9 civile pour les v\u00e9hicules lou\u00e9s\/emprunt\u00e9s ?<\/p>\n\t<h2>Puis-je obtenir une remise sur mon assurance pour v\u00e9hicules utilitaires ?<\/h2>\n<p>Assurances Simon identifiera les remises auxquelles vous avez droit afin de s&rsquo;assurer que vous obtenez le meilleur taux possible sur votre police d&rsquo;assurance automobile commerciale.<\/p>\n\t<h3>V\u00e9hicules \u00e9lectriques, hybrides et \u00e0 faible consommation de carburant<\/h3>\n<p>Faire du bien \u00e0 la plan\u00e8te, c&rsquo;est aussi bon pour votre portefeuille ! \u00c9conomisez entre 10 et 20 % sur votre assurance automobile avec une voiture verte !<\/p>\n\t<h3>Remise pour v\u00e9hicules multiples<\/h3>\n<p>Si vous regroupez vos v\u00e9hicules sous la m\u00eame compagnie d&rsquo;assurance, vous pouvez avoir acc\u00e8s \u00e0 des rabais suppl\u00e9mentaires pour chaque v\u00e9hicule assur\u00e9 !<\/p>\n\t<h3>Remise sur l&rsquo;\u00e9tiquetage<\/h3>\n<p>Les kits de tra\u00e7age peuvent vous aider \u00e0 \u00e9conomiser jusqu&rsquo;\u00e0 10 % sur votre prime d&rsquo;assurance automobile annuelle. Demandez \u00e0 notre \u00e9quipe de vous en parler d\u00e8s aujourd&rsquo;hui<\/p>\n\t<h3>Remise sur la gravure du NIV<\/h3>\n<p>Vous pouvez \u00e9conomiser entre 5 et 10 % sur votre assurance automobile gr\u00e2ce \u00e0 une r\u00e9duction pour la gravure du NIV.<\/p>\n\t<h3>Remise sans sinistre<\/h3>\n<p>Vous \u00eates sans sinistre depuis plus de 3 ans ? R\u00e9coltez les fruits de votre conduite prudente avec jusqu&rsquo;\u00e0 15 % de r\u00e9duction sur votre prime d&rsquo;assurance auto !<\/p>\n\t<h3>Remise sur le faible kilom\u00e9trage annuel<\/h3>\n<p>Si vous n&rsquo;accumulez pas les kilom\u00e8tres, vous pouvez \u00e9conomiser jusqu&rsquo;\u00e0 10 % sur votre assurance automobile gr\u00e2ce \u00e0 une r\u00e9duction pour faible kilom\u00e9trage !<\/p>\n\t<p>Appelez-nous d\u00e8s maintenant pour parler \u00e0 un membre de notre \u00e9quipe d&rsquo;assurance automobile commerciale du Qu\u00e9bec : 514-881-8885 !<\/p>\n\t<h3 id=\"anchor1\"><\/h3>\n\t<h3>PARLER AVEC UN COURTIER D&rsquo;ASSURANCE<\/h3>\n\t\n<div class=\"wpcf7 no-js\" id=\"wpcf7-f1392-o1\" lang=\"en-US\" dir=\"ltr\" data-wpcf7-id=\"1392\">\n<div class=\"screen-reader-response\"><p role=\"status\" aria-live=\"polite\" aria-atomic=\"true\"><\/p> <ul><\/ul><\/div>\n<form action=\"\/fr\/wp-json\/wp\/v2\/pages\/898#wpcf7-f1392-o1\" method=\"post\" class=\"wpcf7-form init\" aria-label=\"Contact form\" novalidate=\"novalidate\" data-status=\"init\">\n<fieldset class=\"hidden-fields-container\"><input type=\"hidden\" name=\"_wpcf7\" value=\"1392\" \/><input type=\"hidden\" name=\"_wpcf7_version\" value=\"6.1.5\" \/><input type=\"hidden\" name=\"_wpcf7_locale\" value=\"en_US\" \/><input type=\"hidden\" name=\"_wpcf7_unit_tag\" value=\"wpcf7-f1392-o1\" \/><input type=\"hidden\" name=\"_wpcf7_container_post\" value=\"0\" \/><input type=\"hidden\" name=\"_wpcf7_posted_data_hash\" value=\"\" \/>\n<\/fieldset>\n<p><label> Votre Nom * (obligatoire)<br \/>\n<span class=\"wpcf7-form-control-wrap\" data-name=\"your-name\"><input size=\"40\" maxlength=\"400\" class=\"wpcf7-form-control wpcf7-text wpcf7-validates-as-required required\" aria-required=\"true\" aria-invalid=\"false\" value=\"\" type=\"text\" name=\"your-name\" \/><\/span> <\/label>\n<\/p>\n<p><label> T\u00e9l\u00e9phone * (obligatoire)<br \/>\n<span class=\"wpcf7-form-control-wrap\" data-name=\"tel-689\"><input size=\"40\" maxlength=\"400\" class=\"wpcf7-form-control wpcf7-tel wpcf7-validates-as-required wpcf7-text wpcf7-validates-as-tel required\" aria-required=\"true\" aria-invalid=\"false\" value=\"\" type=\"tel\" name=\"tel-689\" \/><\/span> <\/label>\n<\/p>\n<p><label> Code Postal * (obligatoire)<br \/>\n<span class=\"wpcf7-form-control-wrap\" data-name=\"postalcode\"><input size=\"40\" maxlength=\"400\" class=\"wpcf7-form-control wpcf7-text wpcf7-validates-as-required required\" aria-required=\"true\" aria-invalid=\"false\" value=\"\" type=\"text\" name=\"postalcode\" \/><\/span> <\/label>\n<\/p>\n<p><label> Quels services votre entreprise propose-t-elle?<br \/>\n<span class=\"wpcf7-form-control-wrap\" data-name=\"your-services\"><textarea cols=\"40\" rows=\"2\" maxlength=\"2000\" class=\"wpcf7-form-control wpcf7-textarea wpcf7-validates-as-required required\" aria-required=\"true\" aria-invalid=\"false\" name=\"your-services\"><\/textarea><\/span> <\/label>\n<\/p>\n<p><label> Ann\u00e9e de la voiture*<br \/>\n<span class=\"wpcf7-form-control-wrap\" data-name=\"car-year\"><input size=\"40\" maxlength=\"400\" class=\"wpcf7-form-control wpcf7-text wpcf7-validates-as-required required\" aria-required=\"true\" aria-invalid=\"false\" value=\"\" type=\"text\" name=\"car-year\" \/><\/span> <\/label>\n<\/p>\n<p><label> Marque de voiture*<br \/>\n<span class=\"wpcf7-form-control-wrap\" data-name=\"car-make\"><input size=\"40\" maxlength=\"400\" class=\"wpcf7-form-control wpcf7-text wpcf7-validates-as-required required\" aria-required=\"true\" aria-invalid=\"false\" value=\"\" type=\"text\" name=\"car-make\" \/><\/span> <\/label>\n<\/p>\n<p><label> Mod\u00e8le de voiture*<br \/>\n<span class=\"wpcf7-form-control-wrap\" data-name=\"car-model\"><input size=\"40\" maxlength=\"400\" class=\"wpcf7-form-control wpcf7-text wpcf7-validates-as-required required\" aria-required=\"true\" aria-invalid=\"false\" value=\"\" type=\"text\" name=\"car-model\" \/><\/span> <\/label>\n<\/p>\n<p><label> KM parcouru par ann\u00e9e<\/label><br \/>\n<span class=\"wpcf7-form-control-wrap\" data-name=\"kmdriven\"><span class=\"wpcf7-form-control wpcf7-checkbox wpcf7-validates-as-required wpcf7-exclusive-checkbox\"><span class=\"wpcf7-list-item first\"><input type=\"checkbox\" name=\"kmdriven\" value=\"0-10,000km\" \/><span class=\"wpcf7-list-item-label\">0-10,000km<\/span><\/span><span class=\"wpcf7-list-item\"><input type=\"checkbox\" name=\"kmdriven\" value=\"10,001-20,000km\" \/><span class=\"wpcf7-list-item-label\">10,001-20,000km<\/span><\/span><span class=\"wpcf7-list-item\"><input type=\"checkbox\" name=\"kmdriven\" value=\"20,001-30,000km\" \/><span class=\"wpcf7-list-item-label\">20,001-30,000km<\/span><\/span><span class=\"wpcf7-list-item\"><input type=\"checkbox\" name=\"kmdriven\" value=\"30,001-40,000km\" \/><span class=\"wpcf7-list-item-label\">30,001-40,000km<\/span><\/span><span class=\"wpcf7-list-item last\"><input type=\"checkbox\" name=\"kmdriven\" value=\"&gt;40,001km\" \/><span class=\"wpcf7-list-item-label\">&gt;40,001km<\/span><\/span><\/span><\/span>\n<\/p>\n<p><label> Nom du conducteur principal*<br \/>\n<span class=\"wpcf7-form-control-wrap\" data-name=\"main-driver\"><input size=\"40\" maxlength=\"400\" class=\"wpcf7-form-control wpcf7-text wpcf7-validates-as-required required\" aria-required=\"true\" aria-invalid=\"false\" value=\"\" type=\"text\" name=\"main-driver\" \/><\/span> <\/label>\n<\/p>\n<p><label> Date de naissance du conducteur principal*<br \/>\n<span class=\"wpcf7-form-control-wrap\" data-name=\"driver-dob\"><input class=\"wpcf7-form-control wpcf7-date wpcf7-validates-as-required wpcf7-validates-as-date required\" aria-required=\"true\" aria-invalid=\"false\" value=\"\" type=\"date\" name=\"driver-dob\" \/><\/span> <\/label>\n<\/p>\n<p><span class=\"wpcf7-form-control-wrap\" data-name=\"Consent\"><span class=\"wpcf7-form-control wpcf7-checkbox wpcf7-validates-as-required\"><span class=\"wpcf7-list-item first last\"><label><input type=\"checkbox\" name=\"Consent[]\" value=\"Je consens avoir pris connaissance de la politique de confidentialit\u00e9 du cabinet et remet mon consentement pour \u00eatre rejoint par un membre du cabinet.\" \/><span class=\"wpcf7-list-item-label\">Je consens avoir pris connaissance de la politique de confidentialit\u00e9 du cabinet et remet mon consentement pour \u00eatre rejoint par un membre du cabinet.<\/span><\/label><\/span><\/span><\/span>\n<\/p>\n<p><label>Entrez CAPTCHA dans la case ci-dessous<br \/>\n<input type=\"hidden\" name=\"_wpcf7_captcha_challenge_captcha-118\" value=\"2496344933\" \/><img loading=\"lazy\" decoding=\"async\" class=\"wpcf7-form-control wpcf7-captchac wpcf7-captcha-captcha-118\" width=\"84\" height=\"28\" alt=\"captcha\" src=\"https:\/\/assurances-simon.com\/wp-content\/uploads\/wpcf7_captcha\/2496344933.png\" \/><br \/>\n<span class=\"wpcf7-form-control-wrap\" data-name=\"captcha-118\"><input size=\"4\" maxlength=\"4\" class=\"wpcf7-form-control wpcf7-captchar\" autocomplete=\"off\" aria-invalid=\"false\" value=\"\" type=\"text\" name=\"captcha-118\" \/><\/span><\/label>\n<\/p>\n<p><input class=\"wpcf7-form-control wpcf7-submit has-spinner\" type=\"submit\" value=\"Envoyer\" \/>\n<\/p><div class=\"wpcf7-response-output\" aria-hidden=\"true\"><\/div>\n<\/form>\n<\/div>\n\n\n","protected":false},"excerpt":{"rendered":"<p>Assurance automobile commerciale Signaler une r\u00e9clamation Assurance sur les v\u00e9hicules commerciaux Une assurance compl\u00e8te des v\u00e9hicules commerciaux prot\u00e8ge les voitures, les camions et les vans qui font avancer votre entreprise. Appelez le 514-881-8885 pour obtenir un devis. Notre assurance des v\u00e9hicules commerciaux couvre chaque voiture de votre parc ! V\u00e9hicules de service V\u00e9hicules de transport [&hellip;]<\/p>\n","protected":false},"author":2,"featured_media":0,"parent":0,"menu_order":0,"comment_status":"closed","ping_status":"closed","template":"","meta":{"site-sidebar-layout":"no-sidebar","site-content-layout":"page-builder","ast-site-content-layout":"default","site-content-style":"default","site-sidebar-style":"default","ast-global-header-display":"","ast-banner-title-visibility":"","ast-main-header-display":"","ast-hfb-above-header-display":"","ast-hfb-below-header-display":"","ast-hfb-mobile-header-display":"","site-post-title":"disabled","ast-breadcrumbs-content":"","ast-featured-img":"","footer-sml-layout":"","ast-disable-related-posts":"","theme-transparent-header-meta":"default","adv-header-id-meta":"","stick-header-meta":"default","header-above-stick-meta":"","header-main-stick-meta":"","header-below-stick-meta":"","astra-migrate-meta-layouts":"default","ast-page-background-enabled":"default","ast-page-background-meta":{"desktop":{"background-color":"","background-image":"","background-repeat":"repeat","background-position":"center center","background-size":"auto","background-attachment":"scroll","background-type":"","background-media":"","overlay-type":"","overlay-color":"","overlay-opacity":"","overlay-gradient":""},"tablet":{"background-color":"","background-image":"","background-repeat":"repeat","background-position":"center center","background-size":"auto","background-attachment":"scroll","background-type":"","background-media":"","overlay-type":"","overlay-color":"","overlay-opacity":"","overlay-gradient":""},"mobile":{"background-color":"","background-image":"","background-repeat":"repeat","background-position":"center center","background-size":"auto","background-attachment":"scroll","background-type":"","background-media":"","overlay-type":"","overlay-color":"","overlay-opacity":"","overlay-gradient":""}},"ast-content-background-meta":{"desktop":{"background-color":"var(--ast-global-color-5)","background-image":"","background-repeat":"repeat","background-position":"center center","background-size":"auto","background-attachment":"scroll","background-type":"","background-media":"","overlay-type":"","overlay-color":"","overlay-opacity":"","overlay-gradient":""},"tablet":{"background-color":"var(--ast-global-color-5)","background-image":"","background-repeat":"repeat","background-position":"center center","background-size":"auto","background-attachment":"scroll","background-type":"","background-media":"","overlay-type":"","overlay-color":"","overlay-opacity":"","overlay-gradient":""},"mobile":{"background-color":"var(--ast-global-color-5)","background-image":"","background-repeat":"repeat","background-position":"center center","background-size":"auto","background-attachment":"scroll","background-type":"","background-media":"","overlay-type":"","overlay-color":"","overlay-opacity":"","overlay-gradient":""}},"footnotes":""},"class_list":["post-898","page","type-page","status-publish","hentry"],"_links":{"self":[{"href":"https:\/\/assurances-simon.com\/fr\/wp-json\/wp\/v2\/pages\/898","targetHints":{"allow":["GET"]}}],"collection":[{"href":"https:\/\/assurances-simon.com\/fr\/wp-json\/wp\/v2\/pages"}],"about":[{"href":"https:\/\/assurances-simon.com\/fr\/wp-json\/wp\/v2\/types\/page"}],"author":[{"embeddable":true,"href":"https:\/\/assurances-simon.com\/fr\/wp-json\/wp\/v2\/users\/2"}],"replies":[{"embeddable":true,"href":"https:\/\/assurances-simon.com\/fr\/wp-json\/wp\/v2\/comments?post=898"}],"version-history":[{"count":11,"href":"https:\/\/assurances-simon.com\/fr\/wp-json\/wp\/v2\/pages\/898\/revisions"}],"predecessor-version":[{"id":1545,"href":"https:\/\/assurances-simon.com\/fr\/wp-json\/wp\/v2\/pages\/898\/revisions\/1545"}],"wp:attachment":[{"href":"https:\/\/assurances-simon.com\/fr\/wp-json\/wp\/v2\/media?parent=898"}],"curies":[{"name":"wp","href":"https:\/\/api.w.org\/{rel}","templated":true}]}}