{"id":914,"date":"2022-05-17T14:45:51","date_gmt":"2022-05-17T18:45:51","guid":{"rendered":"https:\/\/assurances-simon.com\/?page_id=914"},"modified":"2022-06-17T16:08:14","modified_gmt":"2022-06-17T20:08:14","slug":"assurance-sur-les-vehicules-recreatifs","status":"publish","type":"page","link":"https:\/\/assurances-simon.com\/fr\/assurance-sur-les-vehicules-recreatifs\/","title":{"rendered":"Assurance sur les v\u00e9hicules r\u00e9cr\u00e9atifs"},"content":{"rendered":"\n\n\t<h1>Obtenez une assurance pour v\u00e9hicules r\u00e9cr\u00e9atifs au Qu\u00e9bec<\/h1>\n\t<h3><a href=\"\/fr\/en-cas-de-sinistres\/\">Signaler une r\u00e9clamation<\/a><\/h3>\n\t<h1>Assurance sur les v\u00e9hicules r\u00e9cr\u00e9atifs<\/h1>\n\t<p>Motos, motoneiges, camping-cars, scooters&#8230; Nous avons une assurance pour votre v\u00e9hicule r\u00e9cr\u00e9atif. Saviez-vous que vous pouvez \u00e9conomiser jusqu&rsquo;\u00e0 10 % sur l&rsquo;assurance de votre v\u00e9hicule r\u00e9cr\u00e9atif en la combinant avec votre police d&rsquo;assurance automobile ou habitation ?<\/p>\n\t\t\t<a href=\"tel:5148818885\" target=\"_blank\" role=\"button\" rel=\"noopener\">\n\t\t\t\t\t\t\tParlez \u00e0 un courtier d&rsquo;assurance d\u00e8s aujourd&rsquo;hui !\n\t\t\t\t\t<\/a>\n\t<h2>Vous avez besoin d&rsquo;une assurance pour v\u00e9hicules r\u00e9cr\u00e9atifs \u00e0 prix abordable ? Appelez le 514-881-8885 et nous vous obtiendrons la police parfaite pour vos besoins !<\/h2>\n\t<h3><a href=\"\/fr\/assurance-moto-quebec\/\">Assurance moto<\/a><\/h3>\n<p>Ayez l&rsquo;esprit tranquille en sachant que vous \u00eates enti\u00e8rement couvert par un r\u00e9gime complet d&rsquo;assurance moto du Qu\u00e9bec.<\/p>\n\t<h3><a href=\"\/fr\/assurance-bateau\/\">Assurance bateau<\/a><\/h3>\n<p>Restez \u00e0 flot avec une bonne police d&rsquo;assurance bateau. Nous avons la couverture n\u00e9cessaire pour prot\u00e9ger votre embarcation !<\/p>\n\t<h3><a href=\"\/fr\/assurance-camping-car-au-quebec\/\">Assurance pour<br \/>\ncamping-cars<\/a><\/h3>\n<p>Protection des camping-cars de classe A, B et C pour que vous puissiez poursuivre vos aventures !<\/p>\n\t<h3><a href=\"\/fr\/assurance-camping-car-au-quebec\/\">Assurance remorque<\/a><\/h3>\n<p>Couverture des remorques stationnaires et tract\u00e9es.<\/p>\n\t<h3>Assurance motoneige<\/h3>\n<p>Glissez dans les bois en toute confiance en sachant que votre motoneige est prot\u00e9g\u00e9e !<\/p>\n\t<h3>Assurance ATV<\/h3>\n<p>Prot\u00e9gez votre investissement avec une assurance ATV compl\u00e8te.<\/p>\n\t<h2>Tranquillit\u00e9 d&rsquo;esprit pour les propri\u00e9taires de v\u00e9hicules r\u00e9cr\u00e9atifs<\/h2>\n<p>Nous avons la chance de vivre dans un pays aussi vaste et pittoresque que le Canada. Profitez des grands espaces avec vos v\u00e9hicules personnels.<\/p>\n<p>Assurances Simon offre une grande vari\u00e9t\u00e9 de produits d&rsquo;assurance VR avec une liste \u00e9tendue de garanties, y compris, mais sans s&rsquo;y limiter :<\/p>\n1. La responsabilit\u00e9 civile<br \/>\n2. La protection contre les dommages pour votre VR<br \/>\n3. Le vol et le vandalisme<br \/>\n4. La couverture pour les effets personnels<br \/>\n5. La couverture pour les \u00e9quipements et accessoires<br \/>\n6. Protection de la valeur de remplacement<br \/>\n7. Les co\u00fbts de raptriation<br \/>\n8. Les co\u00fbts de location d&rsquo;urgence<br \/>\n9. Les trajets vers les \u00c9tats-Unis<br \/>\n10. Les trajets vers le Mexique\n\t<h2>Obtenez des remises sur l&rsquo;assurance de votre v\u00e9hicule r\u00e9cr\u00e9atif<\/h2>\n\t<h3>Remise sans sinistre<\/h3>\n<p>Vous \u00eates sans sinistre depuis plus de 3 ans ? R\u00e9coltez les fruits de votre conduite prudente avec jusqu&rsquo;\u00e0 15% de r\u00e9duction sur votre prime d&rsquo;assurance camping-car !<\/p>\n\t<h3>Remise sur le tra\u00e7age<\/h3>\n<p>Les kits d&rsquo;\u00e9tiquettes de tra\u00e7age peuvent vous aider \u00e0 \u00e9conomiser jusqu&rsquo;\u00e0 10 % sur votre prime d&rsquo;assurance annuelle pour camping-car. Renseignez-vous aupr\u00e8s de notre \u00e9quipe d\u00e8s aujourd&rsquo;hui !<\/p>\n\t<h3>Membre d&rsquo;une f\u00e9d\u00e9ration<\/h3>\n<p>Profitez des r\u00e9ductions exclusives accord\u00e9es aux membres sur votre assurance camping-car.<\/p>\n\t<h3>Remise sur les offres group\u00e9es<\/h3>\n<p>En assurant votre v\u00e9hicule personnel aupr\u00e8s de la m\u00eame compagnie d&rsquo;assurance que celle avec laquelle vous assurez votre maison ou votre voiture, vous pouvez obtenir jusqu&rsquo;\u00e0 20 % d&rsquo;\u00e9conomies combin\u00e9es<\/p>\n\t<p>&nbsp;<\/p>\n<h2>Combien co\u00fbte une assurance VR ?<\/h2>\nLe co\u00fbt de l&rsquo;assurance de votre v\u00e9hicule personnel ou de votre camping-car varie en fonction d&rsquo;un certain nombre de facteurs, dont les suivants, sans s&rsquo;y limiter :<br \/>\n1. La valeur marchande et le prix pay\u00e9 pour le v\u00e9hicule r\u00e9cr\u00e9atif.<br \/>\n2. Le dossier de conduite du conducteur principal. Un plus grand nombre de sinistres est aussi g\u00e9n\u00e9ralement synonyme d&rsquo;une prime d&rsquo;assurance plus \u00e9lev\u00e9e.<br \/>\n3. Comment vous comptez utiliser votre VR. Allez-vous voyager ? Sera-t-il stationn\u00e9 en permanence dans un terrain de camping r\u00e9put\u00e9 ? Cela aura un impact important sur le co\u00fbt de votre assurance VR..\n\t<h3 id=\"anchor1\"><\/h3>\n\t<h3>PARLER AVEC UN COURTIER D&rsquo;ASSURANCE<\/h3>\n\t\n<div class=\"wpcf7 no-js\" id=\"wpcf7-f1385-o1\" lang=\"en-US\" dir=\"ltr\" data-wpcf7-id=\"1385\">\n<div class=\"screen-reader-response\"><p role=\"status\" aria-live=\"polite\" aria-atomic=\"true\"><\/p> <ul><\/ul><\/div>\n<form action=\"\/fr\/wp-json\/wp\/v2\/pages\/914#wpcf7-f1385-o1\" method=\"post\" class=\"wpcf7-form init\" aria-label=\"Contact form\" novalidate=\"novalidate\" data-status=\"init\">\n<fieldset class=\"hidden-fields-container\"><input type=\"hidden\" name=\"_wpcf7\" value=\"1385\" \/><input type=\"hidden\" name=\"_wpcf7_version\" value=\"6.1.5\" \/><input type=\"hidden\" name=\"_wpcf7_locale\" value=\"en_US\" \/><input type=\"hidden\" name=\"_wpcf7_unit_tag\" value=\"wpcf7-f1385-o1\" \/><input type=\"hidden\" name=\"_wpcf7_container_post\" value=\"0\" \/><input type=\"hidden\" name=\"_wpcf7_posted_data_hash\" value=\"\" \/>\n<\/fieldset>\n<p><label> Votre Nom * (obligatoire)<br \/>\n<span class=\"wpcf7-form-control-wrap\" data-name=\"your-name\"><input size=\"40\" maxlength=\"400\" class=\"wpcf7-form-control wpcf7-text wpcf7-validates-as-required\" aria-required=\"true\" aria-invalid=\"false\" value=\"\" type=\"text\" name=\"your-name\" \/><\/span> <\/label>\n<\/p>\n<p><label> Votre Courriel * (obligatoire)<br \/>\n<span class=\"wpcf7-form-control-wrap\" data-name=\"your-email\"><input size=\"40\" maxlength=\"400\" class=\"wpcf7-form-control wpcf7-email wpcf7-validates-as-required wpcf7-text wpcf7-validates-as-email\" aria-required=\"true\" aria-invalid=\"false\" value=\"\" type=\"email\" name=\"your-email\" \/><\/span> <\/label>\n<\/p>\n<p><label> T\u00e9l\u00e9phone (123-456-7890) * (obligatoire)<br \/>\n<span class=\"wpcf7-form-control-wrap\" data-name=\"tel-689\"><input size=\"40\" maxlength=\"400\" class=\"wpcf7-form-control wpcf7-tel wpcf7-validates-as-required wpcf7-text wpcf7-validates-as-tel required\" aria-required=\"true\" aria-invalid=\"false\" value=\"\" type=\"tel\" name=\"tel-689\" \/><\/span> <\/label>\n<\/p>\n<p><label> Sujet<br \/>\n<span class=\"wpcf7-form-control-wrap\" data-name=\"your-choice\"><select class=\"wpcf7-form-control wpcf7-select wpcf7-validates-as-required\" aria-required=\"true\" aria-invalid=\"false\" name=\"your-choice\"><option value=\"Assurance pour v\u00e9hicules r\u00e9cr\u00e9atifs\">Assurance pour v\u00e9hicules r\u00e9cr\u00e9atifs<\/option><\/select><\/span><\/label>\n<\/p>\n<p><span class=\"wpcf7-form-control-wrap\" data-name=\"Consent\"><span class=\"wpcf7-form-control wpcf7-checkbox wpcf7-validates-as-required\"><span class=\"wpcf7-list-item first last\"><label><input type=\"checkbox\" name=\"Consent[]\" value=\"Je consens avoir pris connaissance de la politique de confidentialit\u00e9 du cabinet et remet mon consentement pour \u00eatre rejoint par un membre du cabinet.\" \/><span class=\"wpcf7-list-item-label\">Je consens avoir pris connaissance de la politique de confidentialit\u00e9 du cabinet et remet mon consentement pour \u00eatre rejoint par un membre du cabinet.<\/span><\/label><\/span><\/span><\/span>\n<\/p>\n<p><label>Entrez CAPTCHA dans la case ci-dessous<br \/>\n<input type=\"hidden\" name=\"_wpcf7_captcha_challenge_captcha-118\" value=\"3158753289\" \/><img loading=\"lazy\" decoding=\"async\" class=\"wpcf7-form-control wpcf7-captchac wpcf7-captcha-captcha-118\" width=\"84\" height=\"28\" alt=\"captcha\" src=\"https:\/\/assurances-simon.com\/wp-content\/uploads\/wpcf7_captcha\/3158753289.png\" \/><br \/>\n<span class=\"wpcf7-form-control-wrap\" data-name=\"captcha-118\"><input size=\"4\" maxlength=\"4\" class=\"wpcf7-form-control wpcf7-captchar\" autocomplete=\"off\" aria-invalid=\"false\" value=\"\" type=\"text\" name=\"captcha-118\" \/><\/span><\/label>\n<\/p>\n<p><input class=\"wpcf7-form-control wpcf7-submit has-spinner\" type=\"submit\" value=\"Envoyer\" \/>\n<\/p><div class=\"wpcf7-response-output\" aria-hidden=\"true\"><\/div>\n<\/form>\n<\/div>\n\n\n","protected":false},"excerpt":{"rendered":"<p>Obtenez une assurance pour v\u00e9hicules r\u00e9cr\u00e9atifs au Qu\u00e9bec Signaler une r\u00e9clamation Assurance sur les v\u00e9hicules r\u00e9cr\u00e9atifs Motos, motoneiges, camping-cars, scooters&#8230; Nous avons une assurance pour votre v\u00e9hicule r\u00e9cr\u00e9atif. Saviez-vous que vous pouvez \u00e9conomiser jusqu&rsquo;\u00e0 10 % sur l&rsquo;assurance de votre v\u00e9hicule r\u00e9cr\u00e9atif en la combinant avec votre police d&rsquo;assurance automobile ou habitation ? Parlez \u00e0 [&hellip;]<\/p>\n","protected":false},"author":2,"featured_media":0,"parent":0,"menu_order":0,"comment_status":"closed","ping_status":"closed","template":"","meta":{"site-sidebar-layout":"no-sidebar","site-content-layout":"page-builder","ast-site-content-layout":"default","site-content-style":"default","site-sidebar-style":"default","ast-global-header-display":"","ast-banner-title-visibility":"","ast-main-header-display":"","ast-hfb-above-header-display":"","ast-hfb-below-header-display":"","ast-hfb-mobile-header-display":"","site-post-title":"disabled","ast-breadcrumbs-content":"","ast-featured-img":"","footer-sml-layout":"","ast-disable-related-posts":"","theme-transparent-header-meta":"default","adv-header-id-meta":"","stick-header-meta":"default","header-above-stick-meta":"","header-main-stick-meta":"","header-below-stick-meta":"","astra-migrate-meta-layouts":"default","ast-page-background-enabled":"default","ast-page-background-meta":{"desktop":{"background-color":"","background-image":"","background-repeat":"repeat","background-position":"center center","background-size":"auto","background-attachment":"scroll","background-type":"","background-media":"","overlay-type":"","overlay-color":"","overlay-opacity":"","overlay-gradient":""},"tablet":{"background-color":"","background-image":"","background-repeat":"repeat","background-position":"center center","background-size":"auto","background-attachment":"scroll","background-type":"","background-media":"","overlay-type":"","overlay-color":"","overlay-opacity":"","overlay-gradient":""},"mobile":{"background-color":"","background-image":"","background-repeat":"repeat","background-position":"center center","background-size":"auto","background-attachment":"scroll","background-type":"","background-media":"","overlay-type":"","overlay-color":"","overlay-opacity":"","overlay-gradient":""}},"ast-content-background-meta":{"desktop":{"background-color":"var(--ast-global-color-5)","background-image":"","background-repeat":"repeat","background-position":"center center","background-size":"auto","background-attachment":"scroll","background-type":"","background-media":"","overlay-type":"","overlay-color":"","overlay-opacity":"","overlay-gradient":""},"tablet":{"background-color":"var(--ast-global-color-5)","background-image":"","background-repeat":"repeat","background-position":"center center","background-size":"auto","background-attachment":"scroll","background-type":"","background-media":"","overlay-type":"","overlay-color":"","overlay-opacity":"","overlay-gradient":""},"mobile":{"background-color":"var(--ast-global-color-5)","background-image":"","background-repeat":"repeat","background-position":"center center","background-size":"auto","background-attachment":"scroll","background-type":"","background-media":"","overlay-type":"","overlay-color":"","overlay-opacity":"","overlay-gradient":""}},"footnotes":""},"class_list":["post-914","page","type-page","status-publish","hentry"],"_links":{"self":[{"href":"https:\/\/assurances-simon.com\/fr\/wp-json\/wp\/v2\/pages\/914","targetHints":{"allow":["GET"]}}],"collection":[{"href":"https:\/\/assurances-simon.com\/fr\/wp-json\/wp\/v2\/pages"}],"about":[{"href":"https:\/\/assurances-simon.com\/fr\/wp-json\/wp\/v2\/types\/page"}],"author":[{"embeddable":true,"href":"https:\/\/assurances-simon.com\/fr\/wp-json\/wp\/v2\/users\/2"}],"replies":[{"embeddable":true,"href":"https:\/\/assurances-simon.com\/fr\/wp-json\/wp\/v2\/comments?post=914"}],"version-history":[{"count":10,"href":"https:\/\/assurances-simon.com\/fr\/wp-json\/wp\/v2\/pages\/914\/revisions"}],"predecessor-version":[{"id":1513,"href":"https:\/\/assurances-simon.com\/fr\/wp-json\/wp\/v2\/pages\/914\/revisions\/1513"}],"wp:attachment":[{"href":"https:\/\/assurances-simon.com\/fr\/wp-json\/wp\/v2\/media?parent=914"}],"curies":[{"name":"wp","href":"https:\/\/api.w.org\/{rel}","templated":true}]}}